{"id":245,"date":"2018-03-29T09:24:22","date_gmt":"2018-03-29T07:24:22","guid":{"rendered":"http:\/\/alpentaxi.lake-studio.de\/impressum"},"modified":"2025-12-02T14:22:00","modified_gmt":"2025-12-02T13:22:00","slug":"imprint","status":"publish","type":"page","link":"https:\/\/www.alpentaxibayern.de\/en\/imprint","title":{"rendered":"Imprint"},"content":{"rendered":"\t\t\t<section  class=\"content-section    stretch-row-content   no-margin \"  >\n\n\t\t\t\t<div class=\"row   \">\n\n\t\t\t\t\t[vc_column][ls_vc_fullscreenimage vc_height=&#8221;small&#8221; vc_image=&#8221;131&#8243;][\/ls_vc_fullscreenimage][\/vc_column]\n\t\t\t\t<\/div>\n\n\t\t\t\t\n\t\t\t\t\n\t\t\t\n\t\t\t\n\t\t<\/section>\n\n\t\t\t\t<section  class=\"content-section    pt-40-xs pt-50-md pt-70-lg  no-margin \"  >\n\n\t\t\t\t<div class=\"row   \">\n\n\t\t\t\t\t[vc_column width=&#8221;1\/3&#8243;][vc_column_text css=&#8221;&#8221;]\n<h2 class=\"h3 ls-no-margin-bottom lineheight lineheight--reset\">Impressum<\/h2>\n[\/vc_column_text][\/vc_column][vc_column width=&#8221;2\/3&#8243;][vc_column_text css=&#8221;&#8221; vc_rwd=&#8221;&#8221;]<strong>Angaben gem\u00e4\u00df \u00a7 5 TMG<\/strong><br \/>\nAlpen Taxi &amp; Mietwagen Service<br \/>\nInhaber: Osman Alp Sisman<br \/>\nAm Weidenbach 6<br \/>\n82362 Weilheim i. OB<\/p>\n<p><strong>Kontakt<\/strong><br \/>\nMobil: +49 (0) 175 234 3456<br \/>\nE-Mail: <a href=\"&#x6d;&#x61;&#x69;&#x6c;&#x74;&#x6f;&#58;&#105;&#110;&#102;o&#64;al&#x70;&#x65;&#x6e;&#x74;&#x61;&#x78;&#105;&#98;&#97;&#121;&#101;rn&#46;&#x64;&#x65;\">i&#110;&#102;&#x6f;&#x40;&#x61;&#x6c;p&#101;&#110;&#116;&#x61;&#x78;&#x69;ba&#121;&#101;&#x72;&#x6e;&#x2e;de<\/a><\/p>\n<p><strong>Umsatzsteuer-Identifikationsnummer gem\u00e4\u00df \u00a7 27 a Umsatzsteuergesetz:<\/strong><br \/>\nDE351379608<\/p>\n<p><strong>Verantwortlich f\u00fcr den Inhalt nach \u00a7 55 Abs. 2 RStV<\/strong><br \/>\nOsman Alp Sisman<br \/>\nAm Weidenbach 6<br \/>\n82362 Weilheim i. OB<br \/>\nDeutschland<\/p>\n<p><strong>Aufsichtsbeh\u00f6rden:<\/strong><br \/>\nStandorte Weilheim, Penzberg u. Seeshaupt: Landratsamt Weilheim-Schongau \u2013 Verkehrsrecht<br \/>\nStandort Tutzing: Landratsamt Starnberg &#8211; Verkehrsrecht<br \/>\nStandort Garmisch-P.: Landratsamt Garmisch-Partenkirchen &#8211; Verkehrsrecht[\/vc_column_text][\/vc_column]\n\t\t\t\t<\/div>\n\n\t\t\t\t\n\t\t\t\t\n\t\t\t\n\t\t\t\n\t\t<\/section>\n\n\t\t\t\t<section  class=\"content-section    pt-40-xs pb-40-xs pt-50-md pb-50-md pt-70-lg pb-70-lg  no-margin \"  >\n\n\t\t\t\t<div class=\"row   \">\n\n\t\t\t\t\t[vc_column width=&#8221;1\/3&#8243;][vc_column_text css=&#8221;&#8221;]\n<h2 class=\"h3\">Streitschlichtung<\/h2>\n[\/vc_column_text][\/vc_column][vc_column width=&#8221;2\/3&#8243;][vc_column_text]Die Europ\u00e4ische Kommission stellt eine Plattform zur Online-Streitbeilegung (OS) bereit: <a href=\"https:\/\/ec.europa.eu\/consumers\/odr\" target=\"_blank\" rel=\"noopener noreferrer\">https:\/\/ec.europa.eu\/consumers\/odr<\/a><br \/>\nUnsere E-Mail-Adresse finden Sie oben im Impressum.<\/p>\n<p>Wir sind nicht bereit oder verpflichtet, an Streitbeilegungsverfahren vor einer Verbraucherschlichtungsstelle teilzunehmen.[\/vc_column_text][\/vc_column]\n\t\t\t\t<\/div>\n\n\t\t\t\t\n\t\t\t\t\n\t\t\t\n\t\t\t\n\t\t<\/section>\n\n\t\t\t\t<section  class=\"content-section    pb-40-xs pb-50-md pb-70-lg  no-margin \"  >\n\n\t\t\t\t<div class=\"row   \">\n\n\t\t\t\t\t[vc_column width=&#8221;1\/3&#8243;][vc_column_text css=&#8221;&#8221;]\n<h2 class=\"h3\">Haftungsauschluss \u2013<br \/>\nRechtliche Hinweise<\/h2>\n[\/vc_column_text][\/vc_column][vc_column width=&#8221;2\/3&#8243;][vc_column_text]<strong>Haftung f\u00fcr Inhalte<\/strong><\/p>\n<p>Als Diensteanbieter sind wir gem\u00e4\u00df \u00a7 7 Abs.1 TMG f\u00fcr eigene Inhalte auf diesen Seiten nach den allgemeinen Gesetzen verantwortlich. Nach \u00a7\u00a7 8 bis 10 TMG sind wir als Diensteanbieter jedoch nicht verpflichtet, \u00fcbermittelte oder gespeicherte fremde Informationen zu \u00fcberwachen oder nach Umst\u00e4nden zu forschen, die auf eine rechtswidrige T\u00e4tigkeit hinweisen.<\/p>\n<p>Verpflichtungen zur Entfernung oder Sperrung der Nutzung von Informationen nach den allgemeinen Gesetzen bleiben hiervon unber\u00fchrt. Eine diesbez\u00fcgliche Haftung ist jedoch erst ab dem Zeitpunkt der Kenntnis einer konkreten Rechtsverletzung m\u00f6glich. Bei Bekanntwerden von entsprechenden Rechtsverletzungen werden wir diese Inhalte umgehend entfernen.<\/p>\n<p><strong>Haftung f\u00fcr Links<\/strong><\/p>\n<p>Unser Angebot enth\u00e4lt Links zu externen Websites Dritter, auf deren Inhalte wir keinen Einfluss haben. Deshalb k\u00f6nnen wir f\u00fcr diese fremden Inhalte auch keine Gew\u00e4hr \u00fcbernehmen. F\u00fcr die Inhalte der verlinkten Seiten ist stets der jeweilige Anbieter oder Betreiber der Seiten verantwortlich. Die verlinkten Seiten wurden zum Zeitpunkt der Verlinkung auf m\u00f6gliche Rechtsverst\u00f6\u00dfe \u00fcberpr\u00fcft. Rechtswidrige Inhalte waren zum Zeitpunkt der Verlinkung nicht erkennbar.<\/p>\n<p>Eine permanente inhaltliche Kontrolle der verlinkten Seiten ist jedoch ohne konkrete Anhaltspunkte einer Rechtsverletzung nicht zumutbar. Bei Bekanntwerden von Rechtsverletzungen werden wir derartige Links umgehend entfernen.<\/p>\n<p><strong>Urheberrecht<\/strong><\/p>\n<p>Die durch die Seitenbetreiber erstellten Inhalte und Werke auf diesen Seiten unterliegen dem deutschen Urheberrecht. Die Vervielf\u00e4ltigung, Bearbeitung, Verbreitung und jede Art der Verwertung au\u00dferhalb der Grenzen des Urheberrechtes bed\u00fcrfen der schriftlichen Zustimmung des jeweiligen Autors bzw. Erstellers. Downloads und Kopien dieser Seite sind nur f\u00fcr den privaten, nicht kommerziellen Gebrauch gestattet.<\/p>\n<p>Soweit die Inhalte auf dieser Seite nicht vom Betreiber erstellt wurden, werden die Urheberrechte Dritter beachtet. Insbesondere werden Inhalte Dritter als solche gekennzeichnet. Sollten Sie trotzdem auf eine Urheberrechtsverletzung aufmerksam werden, bitten wir um einen entsprechenden Hinweis. Bei Bekanntwerden von Rechtsverletzungen werden wir derartige Inhalte umgehend entfernen.[\/vc_column_text][vc_column_text css=&#8221;&#8221;]<strong>WordPress Programmierung<\/strong><br \/>\nLake Studio, Tutzing, Markus B\u00e4ck<br \/>\n<a title=\"Webdesign Freelancer\" href=\"https:\/\/www.lake-studio.de\" rel=\"external\">lake-studio.de<\/a>[\/vc_column_text][\/vc_column]\n\t\t\t\t<\/div>\n\n\t\t\t\t\n\t\t\t\t\n\t\t\t\n\t\t\t\n\t\t<\/section>\n\n\t\n","protected":false},"excerpt":{"rendered":"[vc_column][ls_vc_fullscreenimage vc_height=\"small\" vc_image=\"131\"][\/ls_vc_fullscreenimage][\/vc_column] [vc_column width=\"1\/3\"][vc_column_text css=\"\"] Impressum [\/vc_column_text][\/vc_column][vc_column width=\"2\/3\"][vc_column_text css=\"\" vc_rwd=\"\"]Angaben gem\u00e4\u00df \u00a7 5 TMG Alpen Taxi &amp; Mietwagen Service Inhaber: Osman Alp Sisman Am Weidenbach 6 82362 Weilheim i. OB Kontakt Mobil: +49 (0) 175 234 3456 E-Mail: &#x69;&#x6e;&#x66;&#x6f;&#x40;&#x61;&#x6c;&#x70;&#101;&#110;&#116;&#97;&#120;&#105;&#98;ayer&#x6e;&#x2e;&#x64;&#x65; Umsatzsteuer-Identifikationsnummer gem\u00e4\u00df \u00a7 27 a Umsatzsteuergesetz: DE351379608 Verantwortlich f\u00fcr den <a class=\"moretag\" href=\"https:\/\/www.alpentaxibayern.de\/en\/imprint\">read more...<\/a>","protected":false},"author":1,"featured_media":0,"parent":0,"menu_order":8,"comment_status":"closed","ping_status":"closed","template":"","meta":{"_acf_changed":false,"footnotes":""},"class_list":["post-245","page","type-page","status-publish","hentry"],"acf":[],"yoast_head":"<!-- This site is optimized with the Yoast SEO plugin v27.4 - https:\/\/yoast.com\/product\/yoast-seo-wordpress\/ -->\n<title>Imprint - Alpen Taxi &amp; Mietwagen Service<\/title>\n<meta name=\"robots\" content=\"index, follow, max-snippet:-1, max-image-preview:large, max-video-preview:-1\" \/>\n<link rel=\"canonical\" href=\"https:\/\/www.alpentaxibayern.de\/en\/imprint\" \/>\n<meta property=\"og:locale\" content=\"en_US\" \/>\n<meta property=\"og:type\" content=\"article\" \/>\n<meta property=\"og:title\" content=\"Imprint - Alpen Taxi &amp; Mietwagen Service\" \/>\n<meta property=\"og:url\" content=\"https:\/\/www.alpentaxibayern.de\/en\/imprint\" \/>\n<meta property=\"og:site_name\" content=\"Alpen Taxi &amp; Mietwagen Service\" \/>\n<meta property=\"article:modified_time\" content=\"2025-12-02T13:22:00+00:00\" \/>\n<meta name=\"twitter:card\" content=\"summary_large_image\" \/>\n<meta name=\"twitter:label1\" content=\"Est. reading time\" \/>\n\t<meta name=\"twitter:data1\" content=\"3 minutes\" \/>\n<script type=\"application\/ld+json\" class=\"yoast-schema-graph\">{\"@context\":\"https:\\\/\\\/schema.org\",\"@graph\":[{\"@type\":\"WebPage\",\"@id\":\"https:\\\/\\\/www.alpentaxibayern.de\\\/en\\\/imprint\",\"url\":\"https:\\\/\\\/www.alpentaxibayern.de\\\/en\\\/imprint\",\"name\":\"Imprint - Alpen Taxi &amp; Mietwagen Service\",\"isPartOf\":{\"@id\":\"https:\\\/\\\/www.alpentaxibayern.de\\\/#website\"},\"datePublished\":\"2018-03-29T07:24:22+00:00\",\"dateModified\":\"2025-12-02T13:22:00+00:00\",\"breadcrumb\":{\"@id\":\"https:\\\/\\\/www.alpentaxibayern.de\\\/en\\\/imprint#breadcrumb\"},\"inLanguage\":\"en-US\",\"potentialAction\":[{\"@type\":\"ReadAction\",\"target\":[\"https:\\\/\\\/www.alpentaxibayern.de\\\/en\\\/imprint\"]}]},{\"@type\":\"BreadcrumbList\",\"@id\":\"https:\\\/\\\/www.alpentaxibayern.de\\\/en\\\/imprint#breadcrumb\",\"itemListElement\":[{\"@type\":\"ListItem\",\"position\":1,\"name\":\"Startseite\",\"item\":\"https:\\\/\\\/www.alpentaxibayern.de\\\/en\"},{\"@type\":\"ListItem\",\"position\":2,\"name\":\"Imprint\"}]},{\"@type\":\"WebSite\",\"@id\":\"https:\\\/\\\/www.alpentaxibayern.de\\\/#website\",\"url\":\"https:\\\/\\\/www.alpentaxibayern.de\\\/\",\"name\":\"Alpen Taxi &amp; Mietwagen Service\",\"description\":\"\",\"potentialAction\":[{\"@type\":\"SearchAction\",\"target\":{\"@type\":\"EntryPoint\",\"urlTemplate\":\"https:\\\/\\\/www.alpentaxibayern.de\\\/?s={search_term_string}\"},\"query-input\":{\"@type\":\"PropertyValueSpecification\",\"valueRequired\":true,\"valueName\":\"search_term_string\"}}],\"inLanguage\":\"en-US\"}]}<\/script>\n<!-- \/ Yoast SEO plugin. -->","yoast_head_json":{"title":"Imprint - Alpen Taxi &amp; Mietwagen Service","robots":{"index":"index","follow":"follow","max-snippet":"max-snippet:-1","max-image-preview":"max-image-preview:large","max-video-preview":"max-video-preview:-1"},"canonical":"https:\/\/www.alpentaxibayern.de\/en\/imprint","og_locale":"en_US","og_type":"article","og_title":"Imprint - Alpen Taxi &amp; Mietwagen Service","og_url":"https:\/\/www.alpentaxibayern.de\/en\/imprint","og_site_name":"Alpen Taxi &amp; Mietwagen Service","article_modified_time":"2025-12-02T13:22:00+00:00","twitter_card":"summary_large_image","twitter_misc":{"Est. reading time":"3 minutes"},"schema":{"@context":"https:\/\/schema.org","@graph":[{"@type":"WebPage","@id":"https:\/\/www.alpentaxibayern.de\/en\/imprint","url":"https:\/\/www.alpentaxibayern.de\/en\/imprint","name":"Imprint - Alpen Taxi &amp; Mietwagen Service","isPartOf":{"@id":"https:\/\/www.alpentaxibayern.de\/#website"},"datePublished":"2018-03-29T07:24:22+00:00","dateModified":"2025-12-02T13:22:00+00:00","breadcrumb":{"@id":"https:\/\/www.alpentaxibayern.de\/en\/imprint#breadcrumb"},"inLanguage":"en-US","potentialAction":[{"@type":"ReadAction","target":["https:\/\/www.alpentaxibayern.de\/en\/imprint"]}]},{"@type":"BreadcrumbList","@id":"https:\/\/www.alpentaxibayern.de\/en\/imprint#breadcrumb","itemListElement":[{"@type":"ListItem","position":1,"name":"Startseite","item":"https:\/\/www.alpentaxibayern.de\/en"},{"@type":"ListItem","position":2,"name":"Imprint"}]},{"@type":"WebSite","@id":"https:\/\/www.alpentaxibayern.de\/#website","url":"https:\/\/www.alpentaxibayern.de\/","name":"Alpen Taxi &amp; Mietwagen Service","description":"","potentialAction":[{"@type":"SearchAction","target":{"@type":"EntryPoint","urlTemplate":"https:\/\/www.alpentaxibayern.de\/?s={search_term_string}"},"query-input":{"@type":"PropertyValueSpecification","valueRequired":true,"valueName":"search_term_string"}}],"inLanguage":"en-US"}]}},"_links":{"self":[{"href":"https:\/\/www.alpentaxibayern.de\/en\/wp-json\/wp\/v2\/pages\/245","targetHints":{"allow":["GET"]}}],"collection":[{"href":"https:\/\/www.alpentaxibayern.de\/en\/wp-json\/wp\/v2\/pages"}],"about":[{"href":"https:\/\/www.alpentaxibayern.de\/en\/wp-json\/wp\/v2\/types\/page"}],"author":[{"embeddable":true,"href":"https:\/\/www.alpentaxibayern.de\/en\/wp-json\/wp\/v2\/users\/1"}],"replies":[{"embeddable":true,"href":"https:\/\/www.alpentaxibayern.de\/en\/wp-json\/wp\/v2\/comments?post=245"}],"version-history":[{"count":10,"href":"https:\/\/www.alpentaxibayern.de\/en\/wp-json\/wp\/v2\/pages\/245\/revisions"}],"predecessor-version":[{"id":436,"href":"https:\/\/www.alpentaxibayern.de\/en\/wp-json\/wp\/v2\/pages\/245\/revisions\/436"}],"wp:attachment":[{"href":"https:\/\/www.alpentaxibayern.de\/en\/wp-json\/wp\/v2\/media?parent=245"}],"curies":[{"name":"wp","href":"https:\/\/api.w.org\/{rel}","templated":true}]}}